{"id":106,"date":"2020-11-06T09:39:54","date_gmt":"2020-11-06T09:39:54","guid":{"rendered":"https:\/\/jahj.dk\/?page_id=106"},"modified":"2020-11-06T09:39:54","modified_gmt":"2020-11-06T09:39:54","slug":"om","status":"publish","type":"page","link":"https:\/\/jahj.dk\/?page_id=106","title":{"rendered":"Om"},"content":{"rendered":"\n<p>JAHJ A\/S er ejet og drives 100% af Jannik Hartvig Jensen. Jannik er uddannet landmand i 1998 og har bred erfaring indenfor landbruget. Thealyst har v\u00e6ret i virksomhedens eje siden 1. juni 2007. I dag dyrkes markerne med gr\u00e6s-afgr\u00f8de til hestewrap. Og der opdr\u00e6ttes i mindre omfang islandske heste med henblik p\u00e5 luksus-skovtursheste og heste som egner sig til rideterapi.<\/p>\n\n\n\n<p>Derudover er ejendommens tidligere grisestalde ombygget til kontorfacelitet for Jannik, Terapiklinik og&nbsp; &nbsp;udlejningslokaler med henblik p\u00e5 udlejning til fest, events og kursus.<\/p>\n\n\n\n<p>Til daglig bor Jannik og hans familie i Hovedhuset p\u00e5 Thealyst.<\/p>\n","protected":false},"excerpt":{"rendered":"<p>JAHJ A\/S er ejet og drives 100% af Jannik Hartvig Jensen. Jannik er uddannet landmand i 1998 og har bred erfaring indenfor landbruget. Thealyst har v\u00e6ret i virksomhedens eje siden 1. juni 2007. I dag dyrkes markerne med gr\u00e6s-afgr\u00f8de til hestewrap. Og der opdr\u00e6ttes i mindre omfang islandske heste med henblik p\u00e5 luksus-skovtursheste og heste &hellip; <a href=\"https:\/\/jahj.dk\/?page_id=106\" class=\"more-link\">L\u00e6s videre <span class=\"screen-reader-text\">Om<\/span> <span class=\"meta-nav\">&rarr;<\/span><\/a><\/p>\n","protected":false},"author":1,"featured_media":0,"parent":0,"menu_order":0,"comment_status":"closed","ping_status":"closed","template":"","meta":{"footnotes":""},"class_list":["post-106","page","type-page","status-publish","hentry"],"_links":{"self":[{"href":"https:\/\/jahj.dk\/index.php?rest_route=\/wp\/v2\/pages\/106"}],"collection":[{"href":"https:\/\/jahj.dk\/index.php?rest_route=\/wp\/v2\/pages"}],"about":[{"href":"https:\/\/jahj.dk\/index.php?rest_route=\/wp\/v2\/types\/page"}],"author":[{"embeddable":true,"href":"https:\/\/jahj.dk\/index.php?rest_route=\/wp\/v2\/users\/1"}],"replies":[{"embeddable":true,"href":"https:\/\/jahj.dk\/index.php?rest_route=%2Fwp%2Fv2%2Fcomments&post=106"}],"version-history":[{"count":1,"href":"https:\/\/jahj.dk\/index.php?rest_route=\/wp\/v2\/pages\/106\/revisions"}],"predecessor-version":[{"id":107,"href":"https:\/\/jahj.dk\/index.php?rest_route=\/wp\/v2\/pages\/106\/revisions\/107"}],"wp:attachment":[{"href":"https:\/\/jahj.dk\/index.php?rest_route=%2Fwp%2Fv2%2Fmedia&parent=106"}],"curies":[{"name":"wp","href":"https:\/\/api.w.org\/{rel}","templated":true}]}}