{"id":21,"date":"2017-04-16T09:59:01","date_gmt":"2017-04-16T09:59:01","guid":{"rendered":"https:\/\/jahj.dk\/?page_id=21"},"modified":"2020-10-13T11:52:20","modified_gmt":"2020-10-13T11:52:20","slug":"landbrug","status":"publish","type":"page","link":"https:\/\/jahj.dk\/?page_id=21","title":{"rendered":"Landbrug"},"content":{"rendered":"\n<p>J.A.H.J. A\/S tilbyder mindre maskinstationsopgaver inden for sl\u00e5ning og afpudsning af stubmarker og sl\u00e5ning af gr\u00e6s til h\u00f8.<\/p>\n\n\n\n<p>Jeg k\u00f8rer ud til aftalt forefaldende arbejde.<\/p>\n\n\n\n<p>I samarbejde med <a href=\"http:\/\/www.hartvigmaskinstation.dk\">Hartvig Maskinstation<\/a> tilbydes presning af sm\u00e5baller (Morten Korch) i h\u00f8 og halm. <\/p>\n\n\n\n<p>Ring 40 68 44 84 for muligheder og priser.<\/p>\n","protected":false},"excerpt":{"rendered":"<p>J.A.H.J. A\/S tilbyder mindre maskinstationsopgaver inden for sl\u00e5ning og afpudsning af stubmarker og sl\u00e5ning af gr\u00e6s til h\u00f8. Jeg k\u00f8rer ud til aftalt forefaldende arbejde. I samarbejde med Hartvig Maskinstation tilbydes presning af sm\u00e5baller (Morten Korch) i h\u00f8 og halm. Ring 40 68 44 84 for muligheder og priser.<\/p>\n","protected":false},"author":1,"featured_media":0,"parent":0,"menu_order":0,"comment_status":"closed","ping_status":"closed","template":"","meta":{"footnotes":""},"class_list":["post-21","page","type-page","status-publish","hentry"],"_links":{"self":[{"href":"https:\/\/jahj.dk\/index.php?rest_route=\/wp\/v2\/pages\/21"}],"collection":[{"href":"https:\/\/jahj.dk\/index.php?rest_route=\/wp\/v2\/pages"}],"about":[{"href":"https:\/\/jahj.dk\/index.php?rest_route=\/wp\/v2\/types\/page"}],"author":[{"embeddable":true,"href":"https:\/\/jahj.dk\/index.php?rest_route=\/wp\/v2\/users\/1"}],"replies":[{"embeddable":true,"href":"https:\/\/jahj.dk\/index.php?rest_route=%2Fwp%2Fv2%2Fcomments&post=21"}],"version-history":[{"count":3,"href":"https:\/\/jahj.dk\/index.php?rest_route=\/wp\/v2\/pages\/21\/revisions"}],"predecessor-version":[{"id":98,"href":"https:\/\/jahj.dk\/index.php?rest_route=\/wp\/v2\/pages\/21\/revisions\/98"}],"wp:attachment":[{"href":"https:\/\/jahj.dk\/index.php?rest_route=%2Fwp%2Fv2%2Fmedia&parent=21"}],"curies":[{"name":"wp","href":"https:\/\/api.w.org\/{rel}","templated":true}]}}