{"id":57,"date":"2020-10-04T17:42:18","date_gmt":"2020-10-04T17:42:18","guid":{"rendered":"https:\/\/jahj.dk\/?page_id=57"},"modified":"2020-12-13T17:33:50","modified_gmt":"2020-12-13T17:33:50","slug":"thealyst-udlejning","status":"publish","type":"page","link":"https:\/\/jahj.dk\/?page_id=57","title":{"rendered":"Thealyst udlejning"},"content":{"rendered":"\n<p>For at komme til udlejningslokalerne skal du en smule uden for alfarvej. For lokalerne er placeret ved skoven \u00d8verste Have vest for N\u00e6stved. De er en del af vores ejendom, hvor vi selv bor.<\/p>\n\n\n\n<p>Det er et meget smukt omr\u00e5de med skov og gr\u00e6smarker p\u00e5 den ene side og hestefolde p\u00e5 den anden side af ejendommen.<\/p>\n\n\n\n<p>Udlejningslokalerne er i sidel\u00e6ngen, hvor der tidligere har v\u00e6ret stalde. L\u00e6ngerne har vi sat i stand med nye lofter, inder-mure, vinduer, d\u00f8re og gulvvarme. Lokalerne fremst\u00e5r i dag som store og lyse lokaler med god plads, hvad enten der skal holdes fest, storm\u00f8de eller kursus. Mulighederne er uendelige.<\/p>\n\n\n\n<figure class=\"wp-block-image size-large\"><img loading=\"lazy\" decoding=\"async\" width=\"1024\" height=\"576\" src=\"https:\/\/jahj.dk\/wp-content\/uploads\/2020\/10\/DSC_0013-1024x576.jpg\" alt=\"\" class=\"wp-image-40\" srcset=\"https:\/\/jahj.dk\/wp-content\/uploads\/2020\/10\/DSC_0013-1024x576.jpg 1024w, https:\/\/jahj.dk\/wp-content\/uploads\/2020\/10\/DSC_0013-300x169.jpg 300w, https:\/\/jahj.dk\/wp-content\/uploads\/2020\/10\/DSC_0013-768x432.jpg 768w, https:\/\/jahj.dk\/wp-content\/uploads\/2020\/10\/DSC_0013-1536x864.jpg 1536w, https:\/\/jahj.dk\/wp-content\/uploads\/2020\/10\/DSC_0013-2048x1152.jpg 2048w, https:\/\/jahj.dk\/wp-content\/uploads\/2020\/10\/DSC_0013-1200x675.jpg 1200w, https:\/\/jahj.dk\/wp-content\/uploads\/2020\/10\/DSC_0013-1980x1114.jpg 1980w\" sizes=\"(max-width: 1024px) 100vw, 1024px\" \/><\/figure>\n\n\n\n<p>Lokalerne best\u00e5r af et stort lokale (sektion 4) p\u00e5 ca. 138 m2<\/p>\n\n\n\n<figure class=\"wp-block-image size-large\"><img loading=\"lazy\" decoding=\"async\" width=\"1024\" height=\"576\" src=\"https:\/\/jahj.dk\/wp-content\/uploads\/2020\/10\/DSC_0008-1024x576.jpg\" alt=\"\" class=\"wp-image-39\" srcset=\"https:\/\/jahj.dk\/wp-content\/uploads\/2020\/10\/DSC_0008-1024x576.jpg 1024w, https:\/\/jahj.dk\/wp-content\/uploads\/2020\/10\/DSC_0008-300x169.jpg 300w, https:\/\/jahj.dk\/wp-content\/uploads\/2020\/10\/DSC_0008-768x432.jpg 768w, https:\/\/jahj.dk\/wp-content\/uploads\/2020\/10\/DSC_0008-1536x864.jpg 1536w, https:\/\/jahj.dk\/wp-content\/uploads\/2020\/10\/DSC_0008-2048x1152.jpg 2048w, https:\/\/jahj.dk\/wp-content\/uploads\/2020\/10\/DSC_0008-1200x675.jpg 1200w, https:\/\/jahj.dk\/wp-content\/uploads\/2020\/10\/DSC_0008-1980x1114.jpg 1980w\" sizes=\"(max-width: 1024px) 100vw, 1024px\" \/><\/figure>\n\n\n\n<p>Og et lille lokale (sektion 3) p\u00e5 ca 78 m2.<\/p>\n\n\n\n<p>Der udover er der et lille anretterk\u00f8kken med gaskomfur, opvaskemaskine, mikrob\u00f8lgeovn, k\u00f8leskabe og 1 mindre skabsfryser.<\/p>\n\n\n\n<p>Stedet er udstyret med service op til 100 personer, best\u00e5ende af tallerkener i forskellige st\u00f8rrelser, glas i forskellige st\u00f8rrelser og krus til kaffe og te.<\/p>\n\n\n\n<p>Der er 2 toiletter i tilknytning til udlejningen.<\/p>\n\n\n\n<figure class=\"wp-block-image size-large\"><img loading=\"lazy\" decoding=\"async\" width=\"1024\" height=\"576\" src=\"https:\/\/jahj.dk\/wp-content\/uploads\/2020\/10\/DSC_0832-1024x576.jpg\" alt=\"\" class=\"wp-image-37\" srcset=\"https:\/\/jahj.dk\/wp-content\/uploads\/2020\/10\/DSC_0832-1024x576.jpg 1024w, https:\/\/jahj.dk\/wp-content\/uploads\/2020\/10\/DSC_0832-300x169.jpg 300w, https:\/\/jahj.dk\/wp-content\/uploads\/2020\/10\/DSC_0832-768x432.jpg 768w, https:\/\/jahj.dk\/wp-content\/uploads\/2020\/10\/DSC_0832-1536x864.jpg 1536w, https:\/\/jahj.dk\/wp-content\/uploads\/2020\/10\/DSC_0832-2048x1152.jpg 2048w, https:\/\/jahj.dk\/wp-content\/uploads\/2020\/10\/DSC_0832-1200x675.jpg 1200w, https:\/\/jahj.dk\/wp-content\/uploads\/2020\/10\/DSC_0832-1980x1114.jpg 1980w\" sizes=\"(max-width: 1024px) 100vw, 1024px\" \/><\/figure>\n\n\n\n<p>Der er mulighed for p\u00e5 stedet at leje overnatningsmuligheder i forbindelse med afholdelse af arrangement. <\/p>\n\n\n\n<p>Der er et g\u00e6stev\u00e6relse med op til 3 sovepladser og et g\u00e6stev\u00e6relse med op til 4  sovepladser.<\/p>\n","protected":false},"excerpt":{"rendered":"<p>For at komme til udlejningslokalerne skal du en smule uden for alfarvej. For lokalerne er placeret ved skoven \u00d8verste Have vest for N\u00e6stved. De er en del af vores ejendom, hvor vi selv bor. Det er et meget smukt omr\u00e5de med skov og gr\u00e6smarker p\u00e5 den ene side og hestefolde p\u00e5 den anden side af &hellip; <a href=\"https:\/\/jahj.dk\/?page_id=57\" class=\"more-link\">L\u00e6s videre <span class=\"screen-reader-text\">Thealyst udlejning<\/span> <span class=\"meta-nav\">&rarr;<\/span><\/a><\/p>\n","protected":false},"author":1,"featured_media":0,"parent":0,"menu_order":0,"comment_status":"closed","ping_status":"closed","template":"","meta":{"footnotes":""},"class_list":["post-57","page","type-page","status-publish","hentry"],"_links":{"self":[{"href":"https:\/\/jahj.dk\/index.php?rest_route=\/wp\/v2\/pages\/57"}],"collection":[{"href":"https:\/\/jahj.dk\/index.php?rest_route=\/wp\/v2\/pages"}],"about":[{"href":"https:\/\/jahj.dk\/index.php?rest_route=\/wp\/v2\/types\/page"}],"author":[{"embeddable":true,"href":"https:\/\/jahj.dk\/index.php?rest_route=\/wp\/v2\/users\/1"}],"replies":[{"embeddable":true,"href":"https:\/\/jahj.dk\/index.php?rest_route=%2Fwp%2Fv2%2Fcomments&post=57"}],"version-history":[{"count":6,"href":"https:\/\/jahj.dk\/index.php?rest_route=\/wp\/v2\/pages\/57\/revisions"}],"predecessor-version":[{"id":114,"href":"https:\/\/jahj.dk\/index.php?rest_route=\/wp\/v2\/pages\/57\/revisions\/114"}],"wp:attachment":[{"href":"https:\/\/jahj.dk\/index.php?rest_route=%2Fwp%2Fv2%2Fmedia&parent=57"}],"curies":[{"name":"wp","href":"https:\/\/api.w.org\/{rel}","templated":true}]}}