{"id":69,"date":"2020-10-06T05:42:22","date_gmt":"2020-10-06T05:42:22","guid":{"rendered":"https:\/\/jahj.dk\/?page_id=69"},"modified":"2020-10-13T11:46:37","modified_gmt":"2020-10-13T11:46:37","slug":"ordensregler","status":"publish","type":"page","link":"https:\/\/jahj.dk\/?page_id=69","title":{"rendered":"Ordensregler"},"content":{"rendered":"\r\n<p>For brugere af Thealyst&#8217;s udlejningslokaler.<\/p>\r\n\r\n\r\n\r\n<ul class=\"wp-block-list\"><li>Der er parkeringsplads p\u00e5 sydsiden af maskinhuset og P-skilt er opsat. Det er ikke tilladt at parkere i g\u00e5rdspladsen. Denne er til privatparkering og fungerer ogs\u00e5 som flugtvej.<\/li><li>Det er kun tilladt at k\u00f8re 20 km\/t p\u00e5 grusvejen. B\u00f8rn, tamdyr og vildt har ikke l\u00e6rt f\u00e6rdselsreglerne at kende. Og der skal v\u00e6re plads til alle her p\u00e5 vejen.<\/li><li>Det er ikke tilladt at bruge udenoms arealerne som toilet.<\/li><li>Det er ikke tilladt at \u00e5bne d\u00f8rene i enden af sektion 4 (mod sydsiden) n\u00e5r der spilles h\u00f8jt musik. Dette af hensyn til vores naboer. Disse d\u00f8re m\u00e5 kun benyttes som gennemgang til udend\u00f8rsarealerne og som flugtveje. Ikke som udluftningsd\u00f8re. Vinden tager dem og de bliver \u00f8delagt.<\/li><li>Det er ikke tilladt &#8211; uden forudg\u00e5ende aftale med stedets ejer &#8211; at ops\u00e6tte telte, markiser mv. udenfor.<\/li><li>Det er kun tilladt at ryge udend\u00f8rs. Og skodder m\u00e5 kun puttes i dertil indrettede krukker med sand. IKKE P\u00c5 JORDEN.<\/li><li>Hvis t\u00e6pper fjernes i forbindelse med et arrangement, skal der fejes og vaskes &#8211; inden de l\u00e6gges p\u00e5 plads igen &#8211; inden aflevering.<\/li><li>Service s\u00e6ttes tilbage p\u00e5 rette plads efter brug. Der er sat navneskilte p\u00e5 skuffer og skabe. <\/li><li>Service skylles af, inden is\u00e6tning i opvaskemaskine.<\/li><li>Det er tilladt at v\u00e6re p\u00e5 gr\u00e6sarealet og ridebanen syd for sektion 4, samt i g\u00e5rdspladsen i omr\u00e5det omkring den r\u00f8de dobbeltport. Det er ikke tilladt at f\u00e6rdes p\u00e5 ejendommens \u00f8vrige arealer eller kravle rundt p\u00e5 inventar, maskiner og wrapballer (ved beskadigelse vil lejer blive p\u00e5lagt erstatningsansvar).<\/li><li>Ejendommens dyr m\u00e5 ikke fodres. <\/li><\/ul>\r\n\r\n\r\n\r\n<figure class=\"wp-block-image size-large\"><img loading=\"lazy\" decoding=\"async\" width=\"1024\" height=\"685\" src=\"https:\/\/jahj.dk\/wp-content\/uploads\/2017\/04\/DSC03495-1024x685.jpg\" alt=\"\" class=\"wp-image-31\" srcset=\"https:\/\/jahj.dk\/wp-content\/uploads\/2017\/04\/DSC03495-1024x685.jpg 1024w, https:\/\/jahj.dk\/wp-content\/uploads\/2017\/04\/DSC03495-300x201.jpg 300w, https:\/\/jahj.dk\/wp-content\/uploads\/2017\/04\/DSC03495-768x514.jpg 768w\" sizes=\"(max-width: 1024px) 100vw, 1024px\" \/><figcaption>Det store lokale pyntet til en j\u00e6gers f\u00f8dselsdag<\/figcaption><\/figure>\r\n","protected":false},"excerpt":{"rendered":"<p>For brugere af Thealyst&#8217;s udlejningslokaler. Der er parkeringsplads p\u00e5 sydsiden af maskinhuset og P-skilt er opsat. Det er ikke tilladt at parkere i g\u00e5rdspladsen. Denne er til privatparkering og fungerer ogs\u00e5 som flugtvej. Det er kun tilladt at k\u00f8re 20 km\/t p\u00e5 grusvejen. B\u00f8rn, tamdyr og vildt har ikke l\u00e6rt f\u00e6rdselsreglerne at kende. Og der &hellip; <a href=\"https:\/\/jahj.dk\/?page_id=69\" class=\"more-link\">L\u00e6s videre <span class=\"screen-reader-text\">Ordensregler<\/span> <span class=\"meta-nav\">&rarr;<\/span><\/a><\/p>\n","protected":false},"author":1,"featured_media":0,"parent":57,"menu_order":0,"comment_status":"closed","ping_status":"closed","template":"","meta":{"footnotes":""},"class_list":["post-69","page","type-page","status-publish","hentry"],"_links":{"self":[{"href":"https:\/\/jahj.dk\/index.php?rest_route=\/wp\/v2\/pages\/69"}],"collection":[{"href":"https:\/\/jahj.dk\/index.php?rest_route=\/wp\/v2\/pages"}],"about":[{"href":"https:\/\/jahj.dk\/index.php?rest_route=\/wp\/v2\/types\/page"}],"author":[{"embeddable":true,"href":"https:\/\/jahj.dk\/index.php?rest_route=\/wp\/v2\/users\/1"}],"replies":[{"embeddable":true,"href":"https:\/\/jahj.dk\/index.php?rest_route=%2Fwp%2Fv2%2Fcomments&post=69"}],"version-history":[{"count":2,"href":"https:\/\/jahj.dk\/index.php?rest_route=\/wp\/v2\/pages\/69\/revisions"}],"predecessor-version":[{"id":95,"href":"https:\/\/jahj.dk\/index.php?rest_route=\/wp\/v2\/pages\/69\/revisions\/95"}],"up":[{"embeddable":true,"href":"https:\/\/jahj.dk\/index.php?rest_route=\/wp\/v2\/pages\/57"}],"wp:attachment":[{"href":"https:\/\/jahj.dk\/index.php?rest_route=%2Fwp%2Fv2%2Fmedia&parent=69"}],"curies":[{"name":"wp","href":"https:\/\/api.w.org\/{rel}","templated":true}]}}