{"id":75,"date":"2020-10-13T10:49:43","date_gmt":"2020-10-13T10:49:43","guid":{"rendered":"https:\/\/jahj.dk\/?page_id=75"},"modified":"2020-10-13T11:48:01","modified_gmt":"2020-10-13T11:48:01","slug":"heste","status":"publish","type":"page","link":"https:\/\/jahj.dk\/?page_id=75","title":{"rendered":"Heste"},"content":{"rendered":"\r\n<p>P\u00e5 Thealyst har vi islandske heste. Pt. har vi 2 vallakker, 3 avlshopper og 1 hingstef\u00f8l fra 2020.<\/p>\r\n\r\n\r\n\r\n<p>Hestene avles med henblik p\u00e5 salg af luksus-skovtursheste og heste til brug i rideterapi. <\/p>\r\n\r\n\r\n\r\n<figure class=\"wp-block-image size-large\"><img loading=\"lazy\" decoding=\"async\" width=\"1024\" height=\"681\" src=\"https:\/\/jahj.dk\/wp-content\/uploads\/2017\/04\/PICT1778-1024x681.jpg\" alt=\"\" class=\"wp-image-32\" srcset=\"https:\/\/jahj.dk\/wp-content\/uploads\/2017\/04\/PICT1778-1024x681.jpg 1024w, https:\/\/jahj.dk\/wp-content\/uploads\/2017\/04\/PICT1778-300x199.jpg 300w, https:\/\/jahj.dk\/wp-content\/uploads\/2017\/04\/PICT1778-768x511.jpg 768w\" sizes=\"(max-width: 1024px) 100vw, 1024px\" \/><figcaption>Hestene har gode store marker som de g\u00e5r p\u00e5 \u00e5ret rundt<\/figcaption><\/figure>\r\n","protected":false},"excerpt":{"rendered":"<p>P\u00e5 Thealyst har vi islandske heste. Pt. har vi 2 vallakker, 3 avlshopper og 1 hingstef\u00f8l fra 2020. Hestene avles med henblik p\u00e5 salg af luksus-skovtursheste og heste til brug i rideterapi.<\/p>\n","protected":false},"author":1,"featured_media":0,"parent":0,"menu_order":0,"comment_status":"closed","ping_status":"closed","template":"","meta":{"footnotes":""},"class_list":["post-75","page","type-page","status-publish","hentry"],"_links":{"self":[{"href":"https:\/\/jahj.dk\/index.php?rest_route=\/wp\/v2\/pages\/75"}],"collection":[{"href":"https:\/\/jahj.dk\/index.php?rest_route=\/wp\/v2\/pages"}],"about":[{"href":"https:\/\/jahj.dk\/index.php?rest_route=\/wp\/v2\/types\/page"}],"author":[{"embeddable":true,"href":"https:\/\/jahj.dk\/index.php?rest_route=\/wp\/v2\/users\/1"}],"replies":[{"embeddable":true,"href":"https:\/\/jahj.dk\/index.php?rest_route=%2Fwp%2Fv2%2Fcomments&post=75"}],"version-history":[{"count":2,"href":"https:\/\/jahj.dk\/index.php?rest_route=\/wp\/v2\/pages\/75\/revisions"}],"predecessor-version":[{"id":96,"href":"https:\/\/jahj.dk\/index.php?rest_route=\/wp\/v2\/pages\/75\/revisions\/96"}],"wp:attachment":[{"href":"https:\/\/jahj.dk\/index.php?rest_route=%2Fwp%2Fv2%2Fmedia&parent=75"}],"curies":[{"name":"wp","href":"https:\/\/api.w.org\/{rel}","templated":true}]}}